{"id":725,"date":"2023-08-17T08:02:28","date_gmt":"2023-08-17T06:02:28","guid":{"rendered":"https:\/\/demosites.royal-elementor-addons.com\/nature-v2\/?page_id=6"},"modified":"2025-01-19T19:06:43","modified_gmt":"2025-01-19T18:06:43","slug":"home-nature-v2","status":"publish","type":"page","link":"https:\/\/www.tendrpro.cz\/","title":{"rendered":"Home"},"content":{"rendered":"\t\t<div data-elementor-type=\"wp-page\" data-elementor-id=\"725\" class=\"elementor elementor-725\">\n\t\t\t\t\t\t<section class=\"elementor-section elementor-top-section elementor-element elementor-element-44827ed elementor-section-height-min-height elementor-section-boxed elementor-section-height-default elementor-section-items-middle wpr-particle-no wpr-jarallax-no wpr-parallax-no wpr-sticky-section-no\" data-id=\"44827ed\" data-element_type=\"section\" data-settings=\"{&quot;background_background&quot;:&quot;classic&quot;}\">\n\t\t\t\t\t\t\t<div class=\"elementor-background-overlay\"><\/div>\n\t\t\t\t\t\t\t<div class=\"elementor-container elementor-column-gap-default\">\n\t\t\t\t\t<div class=\"elementor-column elementor-col-100 elementor-top-column elementor-element elementor-element-d3d9ca1\" data-id=\"d3d9ca1\" data-element_type=\"column\">\n\t\t\t<div class=\"elementor-widget-wrap elementor-element-populated\">\n\t\t\t\t\t\t<div class=\"elementor-element elementor-element-35acd3c elementor-widget elementor-widget-heading\" data-id=\"35acd3c\" data-element_type=\"widget\" data-widget_type=\"heading.default\">\n\t\t\t\t<div class=\"elementor-widget-container\">\n\t\t\t\t\t<h2 class=\"elementor-heading-title elementor-size-default\">Tendr pro<\/h2>\t\t\t\t<\/div>\n\t\t\t\t<\/div>\n\t\t\t\t<div class=\"elementor-element elementor-element-a45ae29 wpr-advanced-text-style-animated wpr-fancy-text-typing wpr-animated-text-infinite-yes elementor-widget elementor-widget-wpr-advanced-text\" data-id=\"a45ae29\" data-element_type=\"widget\" data-settings=\"{&quot;anim_loop&quot;:&quot;yes&quot;}\" data-widget_type=\"wpr-advanced-text.default\">\n\t\t\t\t<div class=\"elementor-widget-container\">\n\t\t\t\t\t\n\t\t<h3 class=\"wpr-advanced-text\">\n\n\t\t\t\t\t\n\t\t\t\t\t\t\t<span class=\"wpr-advanced-text-preffix\">Administrace <br><\/span>\n\t\t\t\n\t\t<span class=\"wpr-anim-text wpr-anim-text-type-typing wpr-anim-text-letters\" data-anim-duration=\"500,5000\" data-anim-loop=\"yes\">\n\t\t\t<span class=\"wpr-anim-text-inner\">\n\t\t\t\t\t\t\t\t\t<b>Ve\u0159ejn\u00fdch Zak\u00e1zek<\/b>\n\t\t\t\t\t\t\t<\/span>\n\t\t\t\t\t<\/span>\n\n\t\t\t\t\n\t\t<\/h3>\n\t\t\n\t\t\t\t\t\t<\/div>\n\t\t\t\t<\/div>\n\t\t\t\t<div class=\"elementor-element elementor-element-7a9b212 wpr-button-icon-style-inline wpr-button-icon-position-right elementor-widget elementor-widget-wpr-button\" data-id=\"7a9b212\" data-element_type=\"widget\" data-widget_type=\"wpr-button.default\">\n\t\t\t\t<div class=\"elementor-widget-container\">\n\t\t\t\t\t\t\n\t\t\t\n\t\t\n\t\t<div class=\"wpr-button-wrap elementor-clearfix\">\n\t\t<a class=\"wpr-button wpr-button-effect wpr-button-isi-left\" data-text=\"Go\" href=\"https:\/\/www.tendrpro.cz\/index.php\/contact\/\">\n\t\t\t\n\t\t\t<span class=\"wpr-button-content\">\n\t\t\t\t\t\t\t\t\t<span class=\"wpr-button-text\">Kontaktujte n\u00e1s<\/span>\n\t\t\t\t\t\t\t\t\n\t\t\t\t\t\t\t<\/span>\n\t\t<\/a>\n\n\t\t\t\t<\/div>\n\t\n\t\n\t\t\t\t\t<\/div>\n\t\t\t\t<\/div>\n\t\t\t\t\t<\/div>\n\t\t<\/div>\n\t\t\t\t\t<\/div>\n\t\t<\/section>\n\t\t\t\t<section class=\"elementor-section elementor-top-section elementor-element elementor-element-76c05f4 elementor-section-boxed elementor-section-height-default elementor-section-height-default wpr-particle-no wpr-jarallax-no wpr-parallax-no wpr-sticky-section-no\" data-id=\"76c05f4\" data-element_type=\"section\">\n\t\t\t\t\t\t<div class=\"elementor-container elementor-column-gap-default\">\n\t\t\t\t\t<div class=\"elementor-column elementor-col-100 elementor-top-column elementor-element elementor-element-48fa097\" data-id=\"48fa097\" data-element_type=\"column\">\n\t\t\t<div class=\"elementor-widget-wrap elementor-element-populated\">\n\t\t\t\t\t\t<div class=\"elementor-element elementor-element-c149656 elementor-widget elementor-widget-heading\" data-id=\"c149656\" data-element_type=\"widget\" data-widget_type=\"heading.default\">\n\t\t\t\t<div class=\"elementor-widget-container\">\n\t\t\t\t\t<h2 class=\"elementor-heading-title elementor-size-default\">N\u00e1\u0161 servis<\/h2>\t\t\t\t<\/div>\n\t\t\t\t<\/div>\n\t\t\t\t<div class=\"elementor-element elementor-element-8bf307f elementor-widget elementor-widget-text-editor\" data-id=\"8bf307f\" data-element_type=\"widget\" data-widget_type=\"text-editor.default\">\n\t\t\t\t<div class=\"elementor-widget-container\">\n\t\t\t\t\t\t\t\t\t<p>Ka\u017ed\u00fd krok zad\u00e1vac\u00edho \u0159\u00edzen\u00ed vedeme s maxim\u00e1ln\u00ed transparentnost\u00ed, aby byl proces p\u0159ehledn\u00fd a kontrolovateln\u00fd. Na\u0161\u00edm c\u00edlem je zajistit bezchybnost a p\u0159edej\u00edt p\u0159\u00edpadn\u00fdm n\u00e1mitk\u00e1m.<\/p><p>Srozumiteln\u00fdm a jasn\u00fdm stanoven\u00edm zad\u00e1vac\u00edch podm\u00ednek dok\u00e1\u017eeme efektivn\u011b oslovit \u0161irokou \u0161k\u00e1lu dodavatel\u016f, aby mohli podat konkurenceschopn\u00e9 nab\u00eddky, kter\u00e9 odpov\u00eddaj\u00ed aktu\u00e1ln\u00edmu trhu. To p\u0159in\u00e1\u0161\u00ed na\u0161im klient\u016fm lep\u0161\u00ed v\u00fdb\u011br a efektivn\u011bj\u0161\u00ed \u010derp\u00e1n\u00ed prost\u0159edk\u016f.<\/p><p>M\u00e1me za sebou \u0159adu \u00fasp\u011b\u0161n\u011b realizovan\u00fdch zak\u00e1zek pro klienty z r\u016fzn\u00fdch odv\u011btv\u00ed. R\u00e1di v\u00e1m p\u0159edstav\u00edme konkr\u00e9tn\u00ed v\u00fdsledky, kter\u00fdch jsme s na\u0161imi klienty dos\u00e1hli.<\/p>\t\t\t\t\t\t\t\t<\/div>\n\t\t\t\t<\/div>\n\t\t\t\t\t<\/div>\n\t\t<\/div>\n\t\t\t\t\t<\/div>\n\t\t<\/section>\n\t\t<div class=\"elementor-element elementor-element-46478a3 e-flex e-con-boxed wpr-particle-no wpr-jarallax-no wpr-parallax-no wpr-sticky-section-no e-con e-parent\" data-id=\"46478a3\" data-element_type=\"container\">\n\t\t\t\t\t<div class=\"e-con-inner\">\n\t\t\t\t<div class=\"elementor-element elementor-element-2449948 elementor-widget elementor-widget-image\" data-id=\"2449948\" data-element_type=\"widget\" data-widget_type=\"image.default\">\n\t\t\t\t<div class=\"elementor-widget-container\">\n\t\t\t\t\t\t\t\t\t\t\t\t\t\t\t<img fetchpriority=\"high\" decoding=\"async\" width=\"2560\" height=\"1707\" src=\"https:\/\/www.tendrpro.cz\/wp-content\/uploads\/2024\/11\/DSC_1229-scaled.jpg\" class=\"attachment-full size-full wp-image-739\" alt=\"\" srcset=\"https:\/\/www.tendrpro.cz\/wp-content\/uploads\/2024\/11\/DSC_1229-scaled.jpg 2560w, https:\/\/www.tendrpro.cz\/wp-content\/uploads\/2024\/11\/DSC_1229-300x200.jpg 300w, https:\/\/www.tendrpro.cz\/wp-content\/uploads\/2024\/11\/DSC_1229-1024x683.jpg 1024w, https:\/\/www.tendrpro.cz\/wp-content\/uploads\/2024\/11\/DSC_1229-768x512.jpg 768w, https:\/\/www.tendrpro.cz\/wp-content\/uploads\/2024\/11\/DSC_1229-1536x1024.jpg 1536w, https:\/\/www.tendrpro.cz\/wp-content\/uploads\/2024\/11\/DSC_1229-2048x1365.jpg 2048w\" sizes=\"(max-width: 2560px) 100vw, 2560px\" \/>\t\t\t\t\t\t\t\t\t\t\t\t\t\t\t<\/div>\n\t\t\t\t<\/div>\n\t\t\t\t\t<\/div>\n\t\t\t\t<\/div>\n\t\t\t\t<section class=\"elementor-section elementor-top-section elementor-element elementor-element-19e542f elementor-section-boxed elementor-section-height-default elementor-section-height-default wpr-particle-no wpr-jarallax-no wpr-parallax-no wpr-sticky-section-no\" data-id=\"19e542f\" data-element_type=\"section\">\n\t\t\t\t\t\t<div class=\"elementor-container elementor-column-gap-wide\">\n\t\t\t\t\t<div class=\"elementor-column elementor-col-100 elementor-top-column elementor-element elementor-element-6440f95 elementor-hidden-tablet elementor-hidden-mobile\" data-id=\"6440f95\" data-element_type=\"column\">\n\t\t\t<div class=\"elementor-widget-wrap elementor-element-populated\">\n\t\t\t\t\t\t<div class=\"elementor-element elementor-element-ba70eee wpr-testimonial-slider-columns-1 wpr-testimonial-slider-columns--tablet1 wpr-testimonial-slider-columns--laptop2 wpr-testimonial-slider-columns--mobile1 wpr-testimonial-rating-style_2 wpr-testimonial-meta-position-bottom wpr-testimonial-meta-align-center wpr-testimonial-image-position-center elementor-widget elementor-widget-wpr-testimonial\" data-id=\"ba70eee\" data-element_type=\"widget\" data-settings=\"{&quot;testimonial_amount&quot;:&quot;1&quot;,&quot;testimonial_amount_tablet&quot;:&quot;1&quot;,&quot;testimonial_amount_laptop&quot;:2,&quot;testimonial_amount_mobile&quot;:1,&quot;testimonial_slides_to_scroll&quot;:2,&quot;testimonial_loop&quot;:&quot;yes&quot;}\" data-widget_type=\"wpr-testimonial.default\">\n\t\t\t\t<div class=\"elementor-widget-container\">\n\t\t\t\t\t\t\t<div class=\"wpr-testimonial-carousel-wrap\">\n\t\t\t\n\t\t\t<div class=\"wpr-testimonial-carousel\" dir=\"ltr\" data-slick=\"{&quot;rtl&quot;:false,&quot;infinite&quot;:true,&quot;speed&quot;:700,&quot;arrows&quot;:true,&quot;dots&quot;:true,&quot;autoplay&quot;:false,&quot;autoplaySpeed&quot;:0,&quot;pauseOnHover&quot;:&quot;&quot;,&quot;prevArrow&quot;:&quot;#wpr-testimonial-prev-ba70eee&quot;,&quot;nextArrow&quot;:&quot;#wpr-testimonial-next-ba70eee&quot;,&quot;sliderSlidesToScroll&quot;:2}\" data-slide-effect=\"slide\">\n\t\t\t\t\t\n\t\t\t\t\t\n\t\t\t\t\t\t\t\t\t\t\t\n\t\t\t\t\t\t<div class=\"wpr-testimonial-item elementor-repeater-item-ed3914f elementor-clearfix\">\n\t\t\t\t\t\t\t\n\t\t\t\t\t\t\t<div class=\"wpr-testimonial-meta elementor-clearfix\">\n\t\t\t\t\t\t\t\t<div class=\"wpr-testimonial-meta-inner\">\n\t\t\t\t\t\t\t\t\n\t\t\t\t\t<div class=\"wpr-testimonial-image\">\n\t\t\t\t<img decoding=\"async\" src=\"https:\/\/www.tendrpro.cz\/wp-content\/uploads\/2025\/01\/samec-e1735921632171.png\" alt=\"M\u011bsto Sedlice\">\n\t\t\t<\/div>\n\t\t\n\t\t\t\n\t\t<div class=\"wpr-testimonial-meta-content-wrap\">\n\t\t\t\t\t\t\t<div class=\"wpr-testimonial-name\">M\u011bsto Sedlice<\/div>\n\t\t\t\n\t\t\t\n\t\t\t\n\t\t<\/div>\n\t\t\t\t\t\t\t\t\t\t<\/div>\n\t\t\t\t\t\t\t<\/div>\n\n\t\t\t\t\t\t\t\n\t\t<div class=\"wpr-testimonial-content-wrap\">\n\t\t\t<div class=\"wpr-testimonial-content-inner\">\n\t\t\t\n\t\t\t\n\t\t\t\t\t\t\t\t\t\t\n\t\t\t\t\t\t\t<div class=\"wpr-testimonial-content\">\n\t\t\t\t\t\n\t\t\t\t\t<p><h4><strong>\u201eSedlice \u2013 \u010cOV a kanalizace\u201c<\/strong><\/h4><hr \/><p>Design and build<\/p><\/p>\n\t\t\t\t<\/div>\n\t\t\t\n\t\t\t\n\t\t\t\t\t\t<\/div>\n\t\t<\/div>\n\n\t    \n\t\t\t\t\t\t\t\n\t\t\t\t\t\t<\/div>\n\t\t\t\t\t\t\n\t\t\t\t\t\t\t\t\t\t\t\n\t\t\t\t\t\t<div class=\"wpr-testimonial-item elementor-repeater-item-b9712d4 elementor-clearfix\">\n\t\t\t\t\t\t\t\n\t\t\t\t\t\t\t<div class=\"wpr-testimonial-meta elementor-clearfix\">\n\t\t\t\t\t\t\t\t<div class=\"wpr-testimonial-meta-inner\">\n\t\t\t\t\t\t\t\t\n\t\t\n\t\t\t\n\t\t<div class=\"wpr-testimonial-meta-content-wrap\">\n\t\t\t\t\t\t\t<div class=\"wpr-testimonial-name\">\u00da\u010delov\u00e9 sdru\u017een\u00ed obc\u00ed pro skupinov\u00fd vodovod N\u00fdrsko \u2013 Klatovy<\/div>\n\t\t\t\n\t\t\t\n\t\t\t\n\t\t<\/div>\n\t\t\t\t\t\t\t\t\t\t<\/div>\n\t\t\t\t\t\t\t<\/div>\n\n\t\t\t\t\t\t\t\n\t\t<div class=\"wpr-testimonial-content-wrap\">\n\t\t\t<div class=\"wpr-testimonial-content-inner\">\n\t\t\t\n\t\t\t\n\t\t\t\t\t\t\t\t\t\t\n\t\t\t\t\t\t\t<div class=\"wpr-testimonial-content\">\n\t\t\t\t\t\n\t\t\t\t\t<p><h4><strong>\u201eDopln\u011bn\u00ed technologie \u00fapravny vody Milence\u201c<\/strong><\/h4><hr \/><p>\u00a0Design and build<\/p><\/p>\n\t\t\t\t<\/div>\n\t\t\t\n\t\t\t\n\t\t\t\t\t\t<\/div>\n\t\t<\/div>\n\n\t    \n\t\t\t\t\t\t\t\n\t\t\t\t\t\t<\/div>\n\t\t\t\t\t\t\n\t\t\t\t\t\t\t\t\t\t\t\n\t\t\t\t\t\t<div class=\"wpr-testimonial-item elementor-repeater-item-7d86e3a elementor-clearfix\">\n\t\t\t\t\t\t\t\n\t\t\t\t\t\t\t<div class=\"wpr-testimonial-meta elementor-clearfix\">\n\t\t\t\t\t\t\t\t<div class=\"wpr-testimonial-meta-inner\">\n\t\t\t\t\t\t\t\t\n\t\t\t\t\t<div class=\"wpr-testimonial-image\">\n\t\t\t\t<img decoding=\"async\" src=\"https:\/\/www.tendrpro.cz\/wp-content\/uploads\/2025\/01\/zelenec.png\" alt=\"Obec Zelene\u010d\">\n\t\t\t<\/div>\n\t\t\n\t\t\t\n\t\t<div class=\"wpr-testimonial-meta-content-wrap\">\n\t\t\t\t\t\t\t<div class=\"wpr-testimonial-name\">Obec Zelene\u010d<\/div>\n\t\t\t\n\t\t\t\n\t\t\t\n\t\t<\/div>\n\t\t\t\t\t\t\t\t\t\t<\/div>\n\t\t\t\t\t\t\t<\/div>\n\n\t\t\t\t\t\t\t\n\t\t<div class=\"wpr-testimonial-content-wrap\">\n\t\t\t<div class=\"wpr-testimonial-content-inner\">\n\t\t\t\n\t\t\t\n\t\t\t\t\t\t\t\t\t\t\n\t\t\t\t\t\t\t<div class=\"wpr-testimonial-content\">\n\t\t\t\t\t\n\t\t\t\t\t<p><h4><strong>\u201eOptimalizace \u010cOV Zelene\u010d\u201c<\/strong><\/h4><hr \/><p>\u00a0Design and build<\/p><hr \/><\/p>\n\t\t\t\t<\/div>\n\t\t\t\n\t\t\t\n\t\t\t\t\t\t<\/div>\n\t\t<\/div>\n\n\t    \n\t\t\t\t\t\t\t\n\t\t\t\t\t\t<\/div>\n\t\t\t\t\t\t\t\t\t<\/div>\n\n\t\t\t<div class=\"wpr-testimonial-controls\">\n\t\t\t\t<div class=\"wpr-testimonial-dots\"><\/div>\n\t\t\t<\/div>\n\n\t\t\t<div class=\"wpr-testimonial-arrow-container\">\n\t\t\t\t<div class=\"wpr-testimonial-prev-arrow wpr-testimonial-arrow\" id=\"wpr-testimonial-prev-ba70eee\">\n\t\t\t\t\t<svg version=\"1.1\" xmlns=\"http:\/\/www.w3.org\/2000\/svg\" xmlns:xlink=\"http:\/\/www.w3.org\/1999\/xlink\" x=\"0px\" y=\"0px\" viewBox=\"0 0 283.4 512\" style=\"enable-background:new 0 0 283.4 512;\" xml:space=\"preserve\"><g><polygon class=\"st0\" points=\"54.5,256.3 283.4,485.1 256.1,512.5 0,256.3 0,256.3 27.2,229 256.1,0 283.4,27.4 \"\/><\/g><\/svg>\t\t\t\t<\/div>\n\t\t\t\t<div class=\"wpr-testimonial-next-arrow wpr-testimonial-arrow\" id=\"wpr-testimonial-next-ba70eee\">\n\t\t\t\t\t<svg version=\"1.1\" xmlns=\"http:\/\/www.w3.org\/2000\/svg\" xmlns:xlink=\"http:\/\/www.w3.org\/1999\/xlink\" x=\"0px\" y=\"0px\" viewBox=\"0 0 283.4 512\" style=\"enable-background:new 0 0 283.4 512;\" xml:space=\"preserve\"><g><polygon class=\"st0\" points=\"54.5,256.3 283.4,485.1 256.1,512.5 0,256.3 0,256.3 27.2,229 256.1,0 283.4,27.4 \"\/><\/g><\/svg>\t\t\t\t<\/div>\n\t\t\t<\/div>\n\t\t<\/div>\n\n\t\t\t\t\t<\/div>\n\t\t\t\t<\/div>\n\t\t\t\t\t<\/div>\n\t\t<\/div>\n\t\t\t\t\t<\/div>\n\t\t<\/section>\n\t\t\t\t<section class=\"elementor-section elementor-top-section elementor-element elementor-element-e4efee6 elementor-section-boxed elementor-section-height-default elementor-section-height-default wpr-particle-no wpr-parallax-no wpr-sticky-section-no\" data-id=\"e4efee6\" data-element_type=\"section\" data-settings=\"{&quot;background_background&quot;:&quot;classic&quot;}\">\n\t\t\t\t\t\t\t<div class=\"elementor-background-overlay\"><\/div>\n\t\t\t\t\t\t\t<div class=\"elementor-container elementor-column-gap-default\">\n\t\t\t\t\t<div class=\"elementor-column elementor-col-100 elementor-top-column elementor-element elementor-element-8ae1d0c\" data-id=\"8ae1d0c\" data-element_type=\"column\">\n\t\t\t<div class=\"elementor-widget-wrap elementor-element-populated\">\n\t\t\t\t\t\t<div class=\"elementor-element elementor-element-74df711 elementor-widget elementor-widget-heading\" data-id=\"74df711\" data-element_type=\"widget\" data-widget_type=\"heading.default\">\n\t\t\t\t<div class=\"elementor-widget-container\">\n\t\t\t\t\t<h2 class=\"elementor-heading-title elementor-size-default\">M\u00e1te ot\u00e1zku?<\/h2>\t\t\t\t<\/div>\n\t\t\t\t<\/div>\n\t\t\t\t<div class=\"elementor-element elementor-element-f7c6b24 elementor-widget-divider--view-line elementor-widget elementor-widget-divider\" data-id=\"f7c6b24\" data-element_type=\"widget\" data-widget_type=\"divider.default\">\n\t\t\t\t<div class=\"elementor-widget-container\">\n\t\t\t\t\t\t\t<div class=\"elementor-divider\">\n\t\t\t<span class=\"elementor-divider-separator\">\n\t\t\t\t\t\t<\/span>\n\t\t<\/div>\n\t\t\t\t\t\t<\/div>\n\t\t\t\t<\/div>\n\t\t\t\t<div class=\"elementor-element elementor-element-266d290 wpr-button-icon-style-inline wpr-button-icon-position-right elementor-widget elementor-widget-wpr-button\" data-id=\"266d290\" data-element_type=\"widget\" data-widget_type=\"wpr-button.default\">\n\t\t\t\t<div class=\"elementor-widget-container\">\n\t\t\t\t\t\t\n\t\t\t\n\t\t\n\t\t<div class=\"wpr-button-wrap elementor-clearfix\">\n\t\t<a class=\"wpr-button wpr-button-effect wpr-button-wayra-left\" data-text=\"Go\" href=\"https:\/\/www.tendrpro.cz\/index.php\/contact\/\">\n\t\t\t\n\t\t\t<span class=\"wpr-button-content\">\n\t\t\t\t\t\t\t\t\t<span class=\"wpr-button-text\">Kontaktujte n\u00e1s<\/span>\n\t\t\t\t\t\t\t\t\n\t\t\t\t\t\t\t<\/span>\n\t\t<\/a>\n\n\t\t\t\t<\/div>\n\t\n\t\n\t\t\t\t\t<\/div>\n\t\t\t\t<\/div>\n\t\t\t\t\t<\/div>\n\t\t<\/div>\n\t\t\t\t\t<\/div>\n\t\t<\/section>\n\t\t<div class=\"elementor-element elementor-element-cf27aaa e-flex e-con-boxed wpr-particle-no wpr-jarallax-no wpr-parallax-no wpr-sticky-section-no e-con e-parent\" data-id=\"cf27aaa\" data-element_type=\"container\">\n\t\t\t\t\t<div class=\"e-con-inner\">\n\t\t\t\t\t<\/div>\n\t\t\t\t<\/div>\n\t\t<div class=\"elementor-element elementor-element-2980e85 e-flex e-con-boxed wpr-particle-no wpr-jarallax-no wpr-parallax-no wpr-sticky-section-no e-con e-parent\" data-id=\"2980e85\" data-element_type=\"container\">\n\t\t\t\t\t<div class=\"e-con-inner\">\n\t\t\t\t\t<\/div>\n\t\t\t\t<\/div>\n\t\t\t\t<\/div>\n\t\t","protected":false},"excerpt":{"rendered":"<p>Tendr pro Administrace Ve\u0159ejn\u00fdch Zak\u00e1zek Kontaktujte n\u00e1s N\u00e1\u0161 servis Ka\u017ed\u00fd krok zad\u00e1vac\u00edho \u0159\u00edzen\u00ed vedeme s maxim\u00e1ln\u00ed transparentnost\u00ed, aby byl proces p\u0159ehledn\u00fd a kontrolovateln\u00fd. Na\u0161\u00edm c\u00edlem je zajistit bezchybnost a p\u0159edej\u00edt p\u0159\u00edpadn\u00fdm n\u00e1mitk\u00e1m. Srozumiteln\u00fdm a jasn\u00fdm stanoven\u00edm zad\u00e1vac\u00edch podm\u00ednek dok\u00e1\u017eeme efektivn\u011b oslovit \u0161irokou \u0161k\u00e1lu dodavatel\u016f, aby mohli podat konkurenceschopn\u00e9 nab\u00eddky, kter\u00e9 odpov\u00eddaj\u00ed aktu\u00e1ln\u00edmu trhu. To p\u0159in\u00e1\u0161\u00ed na\u0161im klient\u016fm lep\u0161\u00ed v\u00fdb\u011br a efektivn\u011bj\u0161\u00ed \u010derp\u00e1n\u00ed prost\u0159edk\u016f. M\u00e1me za sebou \u0159adu \u00fasp\u011b\u0161n\u011b realizovan\u00fdch zak\u00e1zek pro klienty z r\u016fzn\u00fdch odv\u011btv\u00ed. R\u00e1di v\u00e1m p\u0159edstav\u00edme konkr\u00e9tn\u00ed v\u00fdsledky, kter\u00fdch jsme s na\u0161imi klienty dos\u00e1hli. M\u011bsto Sedlice \u201eSedlice \u2013 \u010cOV a kanalizace\u201c Design and build \u00da\u010delov\u00e9 sdru\u017een\u00ed obc\u00ed pro skupinov\u00fd vodovod N\u00fdrsko \u2013 Klatovy \u201eDopln\u011bn\u00ed technologie \u00fapravny vody Milence\u201c \u00a0Design and build Obec Zelene\u010d \u201eOptimalizace \u010cOV Zelene\u010d\u201c \u00a0Design and build M\u00e1te ot\u00e1zku? Kontaktujte n\u00e1s<\/p>\n","protected":false},"author":1,"featured_media":0,"parent":0,"menu_order":0,"comment_status":"closed","ping_status":"closed","template":"elementor_canvas","meta":{"footnotes":""},"class_list":["post-725","page","type-page","status-publish","hentry"],"_links":{"self":[{"href":"https:\/\/www.tendrpro.cz\/index.php\/wp-json\/wp\/v2\/pages\/725","targetHints":{"allow":["GET"]}}],"collection":[{"href":"https:\/\/www.tendrpro.cz\/index.php\/wp-json\/wp\/v2\/pages"}],"about":[{"href":"https:\/\/www.tendrpro.cz\/index.php\/wp-json\/wp\/v2\/types\/page"}],"author":[{"embeddable":true,"href":"https:\/\/www.tendrpro.cz\/index.php\/wp-json\/wp\/v2\/users\/1"}],"replies":[{"embeddable":true,"href":"https:\/\/www.tendrpro.cz\/index.php\/wp-json\/wp\/v2\/comments?post=725"}],"version-history":[{"count":57,"href":"https:\/\/www.tendrpro.cz\/index.php\/wp-json\/wp\/v2\/pages\/725\/revisions"}],"predecessor-version":[{"id":926,"href":"https:\/\/www.tendrpro.cz\/index.php\/wp-json\/wp\/v2\/pages\/725\/revisions\/926"}],"wp:attachment":[{"href":"https:\/\/www.tendrpro.cz\/index.php\/wp-json\/wp\/v2\/media?parent=725"}],"curies":[{"name":"wp","href":"https:\/\/api.w.org\/{rel}","templated":true}]}}